{"id":845,"date":"2019-07-29T11:02:34","date_gmt":"2019-07-29T11:02:34","guid":{"rendered":"http:\/\/www.ensaaluminyum.com\/yeni-site\/?page_id=845"},"modified":"2022-03-11T19:53:04","modified_gmt":"2022-03-11T16:53:04","slug":"kurumsal","status":"publish","type":"page","link":"https:\/\/www.ensaaluminyum.com\/index.php\/kurumsal\/","title":{"rendered":"Kurumsal"},"content":{"rendered":"<p>[vc_row full_width=&#8221;stretch_row_content_no_spaces&#8221; content_placement=&#8221;middle&#8221; scheme=&#8221;default&#8221; hide_bg_image_on_tablet=&#8221;&#8221; hide_bg_image_on_mobile=&#8221;&#8221; css=&#8221;.vc_custom_1564477899655{background-color: #f7f7f7 !important;}&#8221;][vc_column width=&#8221;1\/2&#8243; fix_column=&#8221;&#8221; hide_bg_image_on_tablet=&#8221;&#8221; hide_bg_image_on_mobile=&#8221;&#8221; icons_position=&#8221;left&#8221; offset=&#8221;vc_col-xs-12&#8243; el_class=&#8221;custom_position_columns&#8221;]<div id=\"sc_content_307315398\"\r\n\t\tclass=\"sc_content color_style_default sc_content_default sc_content_width_1_2 sc_float_right  vc_custom_1564423402920\"><div class=\"sc_content_container\">[vc_empty_space alter_height=&#8221;biggest&#8221; hide_on_desktop=&#8221;&#8221; hide_on_notebook=&#8221;&#8221; hide_on_tablet=&#8221;&#8221; hide_on_mobile=&#8221;&#8221;]<div id=\"sc_title_670724582\"\r\n\t\tclass=\"sc_title color_style_default sc_title_default\"><h1 class=\"sc_item_title sc_title_title sc_align_left sc_item_title_style_default sc_item_title_tag\">Ensa Al\u00fcminyum<\/h1><\/div><!-- \/.sc_title -->[vc_empty_space alter_height=&#8221;medium&#8221; hide_on_desktop=&#8221;&#8221; hide_on_notebook=&#8221;&#8221; hide_on_tablet=&#8221;&#8221; hide_on_mobile=&#8221;&#8221;][vc_column_text]<\/p>\n<ul class=\"trx_addons_list trx_addons_list_square\">\n<li>Ensa \u015eirketler Grubu 1983 y\u0131l\u0131nda kurulmu\u015f ve g\u00fcn\u00fcm\u00fcze kadar faaliyet g\u00f6sterdi\u011fi anlarda yurt i\u00e7inde ve yurt d\u0131\u015f\u0131nda bir\u00e7ok ba\u015far\u0131l\u0131 projeye imza atm\u0131\u015ft\u0131r. 30 y\u0131l\u0131 a\u015fk\u0131n s\u00fcrede edindi\u011fi tecr\u00fcbeyle, sekt\u00f6r\u00fcn\u00fcn farkl\u0131 dallar\u0131nda yapt\u0131\u011f\u0131 yat\u0131r\u0131mlarla, kurumsal yap\u0131ya sahip k\u00f6kl\u00fc bir anonim \u015firketi haline gelmi\u015ftir.Firmam\u0131z halen in\u015faat ve al\u00fcminyum sstemleri sekt\u00f6r\u00fcnde tesisleri ve 300 \u00e7al\u0131\u015fan\u0131yla, ayn\u0131 heyecanla ve azimle m\u00fc\u015fterilerine hizmet vermekte ve sekt\u00f6r\u00fcnde \u00f6nc\u00fcl\u00fck yapmaktad\u0131r.Ensa Al\u00fcminyum<\/li>\n<\/ul>\n<p>[\/vc_column_text][vc_empty_space alter_height=&#8221;medium&#8221; hide_on_desktop=&#8221;&#8221; hide_on_notebook=&#8221;&#8221; hide_on_tablet=&#8221;&#8221; hide_on_mobile=&#8221;&#8221;]<\/div><\/div><!-- \/.sc_content -->[\/vc_column][vc_column width=&#8221;1\/2&#8243; hide_bg_image_on_tablet=&#8221;&#8221; hide_bg_image_on_mobile=&#8221;&#8221; icons_position=&#8221;left&#8221; css=&#8221;.vc_custom_1646906047864{background-size: contain !important;}&#8221; offset=&#8221;vc_col-xs-12&#8243;][vc_empty_space alter_height=&#8221;biggest&#8221; hide_on_desktop=&#8221;&#8221; hide_on_notebook=&#8221;&#8221; hide_on_tablet=&#8221;&#8221; hide_on_mobile=&#8221;&#8221;][vc_single_image image=&#8221;3175&#8243; img_size=&#8221;full&#8221; alignment=&#8221;center&#8221;][vc_empty_space alter_height=&#8221;biggest&#8221; hide_on_desktop=&#8221;&#8221; hide_on_notebook=&#8221;&#8221; hide_on_tablet=&#8221;&#8221; hide_on_mobile=&#8221;&#8221;][\/vc_column][\/vc_row]<\/p>\n","protected":false},"excerpt":{"rendered":"<p>[vc_row full_width=&#8221;stretch_row_content_no_spaces&#8221; content_placement=&#8221;middle&#8221; scheme=&#8221;default&#8221; hide_bg_image_on_tablet=&#8221;&#8221; hide_bg_image_on_mobile=&#8221;&#8221; css=&#8221;.vc_custom_1564477899655{background-color: #f7f7f7 !important;}&#8221;][vc_column width=&#8221;1\/2&#8243; fix_column=&#8221;&#8221; hide_bg_image_on_tablet=&#8221;&#8221; hide_bg_image_on_mobile=&#8221;&#8221; icons_position=&#8221;left&#8221; offset=&#8221;vc_col-xs-12&#8243; el_class=&#8221;custom_position_columns&#8221;][\/vc_column][vc_column width=&#8221;1\/2&#8243; hide_bg_image_on_tablet=&#8221;&#8221; hide_bg_image_on_mobile=&#8221;&#8221; icons_position=&#8221;left&#8221; css=&#8221;.vc_custom_1646906047864{background-size: contain !important;}&#8221; offset=&#8221;vc_col-xs-12&#8243;][vc_empty_space alter_height=&#8221;biggest&#8221; hide_on_desktop=&#8221;&#8221; hide_on_notebook=&#8221;&#8221; hide_on_tablet=&#8221;&#8221; hide_on_mobile=&#8221;&#8221;][vc_single_image image=&#8221;3175&#8243; img_size=&#8221;full&#8221; alignment=&#8221;center&#8221;][vc_empty_space alter_height=&#8221;biggest&#8221; hide_on_desktop=&#8221;&#8221; hide_on_notebook=&#8221;&#8221; hide_on_tablet=&#8221;&#8221; hide_on_mobile=&#8221;&#8221;][\/vc_column][\/vc_row]<\/p>\n","protected":false},"author":1,"featured_media":0,"parent":0,"menu_order":0,"comment_status":"closed","ping_status":"closed","template":"","meta":{"footnotes":""},"class_list":["post-845","page","type-page","status-publish","hentry"],"_links":{"self":[{"href":"https:\/\/www.ensaaluminyum.com\/index.php\/wp-json\/wp\/v2\/pages\/845","targetHints":{"allow":["GET"]}}],"collection":[{"href":"https:\/\/www.ensaaluminyum.com\/index.php\/wp-json\/wp\/v2\/pages"}],"about":[{"href":"https:\/\/www.ensaaluminyum.com\/index.php\/wp-json\/wp\/v2\/types\/page"}],"author":[{"embeddable":true,"href":"https:\/\/www.ensaaluminyum.com\/index.php\/wp-json\/wp\/v2\/users\/1"}],"replies":[{"embeddable":true,"href":"https:\/\/www.ensaaluminyum.com\/index.php\/wp-json\/wp\/v2\/comments?post=845"}],"version-history":[{"count":6,"href":"https:\/\/www.ensaaluminyum.com\/index.php\/wp-json\/wp\/v2\/pages\/845\/revisions"}],"predecessor-version":[{"id":3348,"href":"https:\/\/www.ensaaluminyum.com\/index.php\/wp-json\/wp\/v2\/pages\/845\/revisions\/3348"}],"wp:attachment":[{"href":"https:\/\/www.ensaaluminyum.com\/index.php\/wp-json\/wp\/v2\/media?parent=845"}],"curies":[{"name":"wp","href":"https:\/\/api.w.org\/{rel}","templated":true}]}}