{"id":216,"date":"2017-08-03T12:46:55","date_gmt":"2017-08-03T12:46:55","guid":{"rendered":"http:\/\/www.ensaaluminyum.com\/yeni-site\/?page_id=216"},"modified":"2022-03-11T19:56:37","modified_gmt":"2022-03-11T16:56:37","slug":"bayilerimiz","status":"publish","type":"page","link":"https:\/\/www.ensaaluminyum.com\/index.php\/bayilerimiz\/","title":{"rendered":"Bayilerimiz"},"content":{"rendered":"<p>[vc_row][vc_column icons_position=&#8221;left&#8221;][vc_empty_space alter_height=&#8221;medium&#8221; hide_on_desktop=&#8221;&#8221; hide_on_notebook=&#8221;&#8221; hide_on_tablet=&#8221;&#8221; hide_on_mobile=&#8221;&#8221;]<div id=\"sc_title_1073467923\"\r\n\t\tclass=\"sc_title color_style_default sc_title_default\"><h1 class=\"sc_item_title sc_title_title sc_align_center sc_item_title_style_default sc_item_title_tag\">BAY\u0130LER\u0130M\u0130Z<\/h1><\/div><!-- \/.sc_title -->[\/vc_column][\/vc_row][vc_row][vc_column icons_position=&#8221;left&#8221;][vc_empty_space alter_height=&#8221;medium&#8221; hide_on_desktop=&#8221;&#8221; hide_on_notebook=&#8221;&#8221; hide_on_tablet=&#8221;&#8221; hide_on_mobile=&#8221;&#8221;]<div class=\"cq-dagallery-container\" style=\"width:100%;margin:0 auto;\"><ul class=\"cq-dagallery\" data-gallerywidth=\"100%\" data-width=\"240\" data-height=\"168\" data-color=\"#ffffff\" data-background=\"#302f70\" data-opacity=\"0.8\"><li class=\"\" data-width=\"240\" data-height=\"168\" data-margin=\"5px\" style=\"margin:5px\"><a class=\"normal\" href=\"https:\/\/www.ensaaluminyum.com\/wp-content\/uploads\/2022\/03\/Referanslar-Makina-Takim.jpg\" rel=\"2163\"><img src='https:\/\/www.ensaaluminyum.com\/wp-content\/uploads\/2022\/03\/Referanslar-Makina-Takim-240x92.jpg' width='240' height='168' alt='' \/><\/a><div class=\"dagallery-info\" style=\"padding:20px;color:#ffffff;background-color:#302f70\"><\/div><\/li><li class=\"\" data-width=\"240\" data-height=\"168\" data-margin=\"5px\" style=\"margin:5px\"><a class=\"normal\" href=\"https:\/\/www.ensaaluminyum.com\/wp-content\/uploads\/2022\/03\/Referanslar-Kale-Kilit.jpg\" rel=\"2163\"><img src='https:\/\/www.ensaaluminyum.com\/wp-content\/uploads\/2022\/03\/Referanslar-Kale-Kilit-240x92.jpg' width='240' height='168' alt='' \/><\/a><div class=\"dagallery-info\" style=\"padding:20px;color:#ffffff;background-color:#302f70\"><\/div><\/li><li class=\"\" data-width=\"240\" data-height=\"168\" data-margin=\"5px\" style=\"margin:5px\"><a class=\"normal\" href=\"https:\/\/www.ensaaluminyum.com\/wp-content\/uploads\/2022\/03\/Referanslar-Soudal.jpg\" rel=\"2163\"><img src='https:\/\/www.ensaaluminyum.com\/wp-content\/uploads\/2022\/03\/Referanslar-Soudal-240x92.jpg' width='240' height='168' alt='' \/><\/a><div class=\"dagallery-info\" style=\"padding:20px;color:#ffffff;background-color:#302f70\"><\/div><\/li><li class=\"\" data-width=\"240\" data-height=\"168\" data-margin=\"5px\" style=\"margin:5px\"><a class=\"normal\" href=\"https:\/\/www.ensaaluminyum.com\/wp-content\/uploads\/2022\/03\/Referanslar-Selectron.jpg\" rel=\"2163\"><img src='https:\/\/www.ensaaluminyum.com\/wp-content\/uploads\/2022\/03\/Referanslar-Selectron-240x92.jpg' width='240' height='168' alt='' \/><\/a><div class=\"dagallery-info\" style=\"padding:20px;color:#ffffff;background-color:#302f70\"><\/div><\/li><li class=\"\" data-width=\"240\" data-height=\"168\" data-margin=\"5px\" style=\"margin:5px\"><a class=\"normal\" href=\"https:\/\/www.ensaaluminyum.com\/wp-content\/uploads\/2022\/03\/Referanslar-Kale-Kilit-Dis-Ticaret-AS.jpg\" rel=\"2163\"><img src='https:\/\/www.ensaaluminyum.com\/wp-content\/uploads\/2022\/03\/Referanslar-Kale-Kilit-Dis-Ticaret-AS-240x92.jpg' width='240' height='168' alt='' \/><\/a><div class=\"dagallery-info\" style=\"padding:20px;color:#ffffff;background-color:#302f70\"><\/div><\/li><li class=\"\" data-width=\"240\" data-height=\"168\" data-margin=\"5px\" style=\"margin:5px\"><a class=\"normal\" href=\"https:\/\/www.ensaaluminyum.com\/wp-content\/uploads\/2022\/03\/Referanslar-Wacker.jpg\" rel=\"2163\"><img src='https:\/\/www.ensaaluminyum.com\/wp-content\/uploads\/2022\/03\/Referanslar-Wacker-240x92.jpg' width='240' height='168' alt='' \/><\/a><div class=\"dagallery-info\" style=\"padding:20px;color:#ffffff;background-color:#302f70\"><\/div><\/li><li class=\"\" data-width=\"240\" data-height=\"168\" data-margin=\"5px\" style=\"margin:5px\"><a class=\"normal\" href=\"https:\/\/www.ensaaluminyum.com\/wp-content\/uploads\/2022\/03\/Referanslar-Meridyen.jpg\" rel=\"2163\"><img src='https:\/\/www.ensaaluminyum.com\/wp-content\/uploads\/2022\/03\/Referanslar-Meridyen-240x92.jpg' width='240' height='168' alt='' \/><\/a><div class=\"dagallery-info\" style=\"padding:20px;color:#ffffff;background-color:#302f70\"><\/div><\/li><li class=\"\" data-width=\"240\" data-height=\"168\" data-margin=\"5px\" style=\"margin:5px\"><a class=\"normal\" href=\"https:\/\/www.ensaaluminyum.com\/wp-content\/uploads\/2022\/03\/Referanslar-Mepa.jpg\" rel=\"2163\"><img src='https:\/\/www.ensaaluminyum.com\/wp-content\/uploads\/2022\/03\/Referanslar-Mepa-240x92.jpg' width='240' height='168' alt='' \/><\/a><div class=\"dagallery-info\" style=\"padding:20px;color:#ffffff;background-color:#302f70\"><\/div><\/li><li class=\"\" data-width=\"240\" data-height=\"168\" data-margin=\"5px\" style=\"margin:5px\"><a class=\"normal\" href=\"https:\/\/www.ensaaluminyum.com\/wp-content\/uploads\/2022\/03\/Referanslar-Karbosan.jpg\" rel=\"2163\"><img src='https:\/\/www.ensaaluminyum.com\/wp-content\/uploads\/2022\/03\/Referanslar-Karbosan-240x92.jpg' width='240' height='168' alt='' \/><\/a><div class=\"dagallery-info\" style=\"padding:20px;color:#ffffff;background-color:#302f70\"><\/div><\/li><\/ul><\/div>[vc_empty_space alter_height=&#8221;biggest&#8221; hide_on_desktop=&#8221;&#8221; hide_on_notebook=&#8221;&#8221; hide_on_tablet=&#8221;&#8221; hide_on_mobile=&#8221;&#8221;][\/vc_column][\/vc_row][vc_row][vc_column hide_bg_image_on_tablet=&#8221;&#8221; hide_bg_image_on_mobile=&#8221;&#8221; icons_position=&#8221;left&#8221; offset=&#8221;vc_hidden-sm vc_hidden-xs&#8221;][vc_empty_space alter_height=&#8221;large&#8221; hide_on_desktop=&#8221;&#8221; hide_on_notebook=&#8221;&#8221; hide_on_tablet=&#8221;&#8221; hide_on_mobile=&#8221;&#8221; css=&#8221;.vc_custom_1510221691969{margin-bottom: 0.6rem !important;}&#8221;][\/vc_column][\/vc_row]<\/p>\n","protected":false},"excerpt":{"rendered":"<p>[vc_row][vc_column icons_position=&#8221;left&#8221;][vc_empty_space alter_height=&#8221;medium&#8221; hide_on_desktop=&#8221;&#8221; hide_on_notebook=&#8221;&#8221; hide_on_tablet=&#8221;&#8221; hide_on_mobile=&#8221;&#8221;][\/vc_column][\/vc_row][vc_row][vc_column icons_position=&#8221;left&#8221;][vc_empty_space alter_height=&#8221;medium&#8221; hide_on_desktop=&#8221;&#8221; hide_on_notebook=&#8221;&#8221; hide_on_tablet=&#8221;&#8221; hide_on_mobile=&#8221;&#8221;][vc_empty_space alter_height=&#8221;biggest&#8221; hide_on_desktop=&#8221;&#8221; hide_on_notebook=&#8221;&#8221; hide_on_tablet=&#8221;&#8221; hide_on_mobile=&#8221;&#8221;][\/vc_column][\/vc_row][vc_row][vc_column hide_bg_image_on_tablet=&#8221;&#8221; hide_bg_image_on_mobile=&#8221;&#8221; icons_position=&#8221;left&#8221; offset=&#8221;vc_hidden-sm vc_hidden-xs&#8221;][vc_empty_space alter_height=&#8221;large&#8221; hide_on_desktop=&#8221;&#8221; hide_on_notebook=&#8221;&#8221; hide_on_tablet=&#8221;&#8221; hide_on_mobile=&#8221;&#8221; css=&#8221;.vc_custom_1510221691969{margin-bottom: 0.6rem !important;}&#8221;][\/vc_column][\/vc_row]<\/p>\n","protected":false},"author":1,"featured_media":0,"parent":0,"menu_order":0,"comment_status":"closed","ping_status":"closed","template":"","meta":{"footnotes":""},"class_list":["post-216","page","type-page","status-publish","hentry"],"_links":{"self":[{"href":"https:\/\/www.ensaaluminyum.com\/index.php\/wp-json\/wp\/v2\/pages\/216","targetHints":{"allow":["GET"]}}],"collection":[{"href":"https:\/\/www.ensaaluminyum.com\/index.php\/wp-json\/wp\/v2\/pages"}],"about":[{"href":"https:\/\/www.ensaaluminyum.com\/index.php\/wp-json\/wp\/v2\/types\/page"}],"author":[{"embeddable":true,"href":"https:\/\/www.ensaaluminyum.com\/index.php\/wp-json\/wp\/v2\/users\/1"}],"replies":[{"embeddable":true,"href":"https:\/\/www.ensaaluminyum.com\/index.php\/wp-json\/wp\/v2\/comments?post=216"}],"version-history":[{"count":8,"href":"https:\/\/www.ensaaluminyum.com\/index.php\/wp-json\/wp\/v2\/pages\/216\/revisions"}],"predecessor-version":[{"id":3354,"href":"https:\/\/www.ensaaluminyum.com\/index.php\/wp-json\/wp\/v2\/pages\/216\/revisions\/3354"}],"wp:attachment":[{"href":"https:\/\/www.ensaaluminyum.com\/index.php\/wp-json\/wp\/v2\/media?parent=216"}],"curies":[{"name":"wp","href":"https:\/\/api.w.org\/{rel}","templated":true}]}}